{"id":85,"date":"2025-11-25T10:05:28","date_gmt":"2025-11-25T10:05:28","guid":{"rendered":"https:\/\/calendarsheet.com\/?page_id=85"},"modified":"2025-11-25T10:05:29","modified_gmt":"2025-11-25T10:05:29","slug":"acerca-de","status":"publish","type":"page","link":"https:\/\/calendarsheet.com\/es\/acerca-de\/","title":{"rendered":"Acerca de"},"content":{"rendered":"<div class=\"wp-block-group alignfull about-hero-section has-base-background-color has-background is-layout-constrained wp-container-core-group-is-layout-2294cf5c wp-block-group-is-layout-constrained\" style=\"padding-top:8rem;padding-bottom:8rem\">\n<h1 class=\"wp-block-heading has-text-align-center\" style=\"margin-bottom:2rem;font-size:clamp(2.2rem, 2.2rem + ((1vw - 0.2rem) * 2.25), 4rem);font-style:normal;font-weight:800;letter-spacing:-0.03em;line-height:1\">Acerca de <span style=\"color:#4f46e5\">Calendarsheet<\/span><\/h1>\n\n\n\n<p class=\"has-text-align-center has-text-color\" style=\"color:#475569;margin-bottom:0;font-size:clamp(0.915rem, 0.915rem + ((1vw - 0.2rem) * 0.575), 1.375rem);line-height:1.6\">Te ayudamos a organizarte, imprimiendo cada vez.<\/p>\n<\/div>\n\n\n\n<div class=\"wp-block-group alignfull is-layout-constrained wp-container-core-group-is-layout-add8f735 wp-block-group-is-layout-constrained\" style=\"padding-top:6rem;padding-bottom:6rem\">\n<h2 class=\"wp-block-heading has-text-align-center\" style=\"margin-bottom:3rem;font-size:clamp(1.502rem, 1.502rem + ((1vw - 0.2rem) * 1.248), 2.5rem);font-weight:700;line-height:1.2\">Nuestra historia<\/h2>\n\n\n\n<p class=\"has-text-align-center has-text-color\" style=\"color:#475569;margin-bottom:2rem;font-size:clamp(0.875rem, 0.875rem + ((1vw - 0.2rem) * 0.313), 1.125rem);line-height:1.8\">Somos un equipo apasionado de dise\u00f1adores y creadores dedicados a proporcionar la colecci\u00f3n de Calendarios Imprimibles, Planificadores y mucho m\u00e1s para cada ocasi\u00f3n. Tanto si quieres planificar tu a\u00f1o, organizar tu semana o hacer un seguimiento de tus objetivos, creemos que todo el mundo se merece herramientas bonitas y funcionales que te hagan la vida m\u00e1s f\u00e1cil.<\/p>\n\n\n\n<p class=\"has-text-align-center has-text-color\" style=\"color:#475569;font-size:clamp(0.875rem, 0.875rem + ((1vw - 0.2rem) * 0.313), 1.125rem);line-height:1.8\">Nuestra misi\u00f3n es sencilla: crear imprimibles gratuitos de alta calidad que inspiren la creatividad y te ayuden a alcanzar tus objetivos. Cada dise\u00f1o se elabora con esmero para que sea pr\u00e1ctico y bonito a la vez.<\/p>\n<\/div>\n\n\n\n<div class=\"wp-block-group alignfull about-offerings-section has-base-background-color has-background is-layout-constrained wp-container-core-group-is-layout-e98bfb75 wp-block-group-is-layout-constrained\" style=\"border-top-color:#e2e8f0;border-top-width:1px;border-bottom-color:#e2e8f0;border-bottom-width:1px;padding-top:6rem;padding-bottom:6rem\">\n<h2 class=\"wp-block-heading has-text-align-center\" style=\"margin-bottom:1rem;font-size:clamp(1.502rem, 1.502rem + ((1vw - 0.2rem) * 1.248), 2.5rem);font-weight:700;line-height:1.2\">Qu\u00e9 ofrecemos<\/h2>\n\n\n\n<p class=\"has-text-align-center has-text-color\" style=\"color:#64748b;margin-bottom:4rem;font-size:clamp(0.875rem, 0.875rem + ((1vw - 0.2rem) * 0.313), 1.125rem);\">Todo lo que necesita para mantenerse organizado y productivo<\/p>\n\n\n\n<div class=\"wp-block-columns alignwide is-layout-flex wp-container-core-columns-is-layout-92a62174 wp-block-columns-is-layout-flex\">\n<div class=\"wp-block-column offering-box-item is-layout-flow wp-block-column-is-layout-flow\">\n<div class=\"wp-block-group has-white-background-color has-background is-layout-constrained wp-container-core-group-is-layout-bbdfd24b wp-block-group-is-layout-constrained\" style=\"border-radius:16px;padding-top:3rem;padding-right:2.5rem;padding-bottom:3rem;padding-left:2.5rem\">\n<div style=\"width: 80px; height: 80px; margin: 0 auto 1.5rem; display: flex; align-items: center; justify-content: center; background: #f1f5f9; border-radius: 12px;\">\n<svg width=\"48\" height=\"48\" viewbox=\"0 0 24 24\" fill=\"none\" xmlns=\"http:\/\/www.w3.org\/2000\/svg\">\n<rect x=\"3\" y=\"4\" width=\"18\" height=\"18\" rx=\"2\" stroke=\"#1e293b\" stroke-width=\"2\"\/>\n<line x1=\"3\" y1=\"9\" x2=\"21\" y2=\"9\" stroke=\"#1e293b\" stroke-width=\"2\"\/>\n<line x1=\"9\" y1=\"4\" x2=\"9\" y2=\"9\" stroke=\"#1e293b\" stroke-width=\"2\"\/>\n<line x1=\"15\" y1=\"4\" x2=\"15\" y2=\"9\" stroke=\"#1e293b\" stroke-width=\"2\"\/>\n<\/svg>\n<\/div>\n\n\n\n<h3 class=\"wp-block-heading has-text-align-center\" style=\"margin-bottom:0.75rem;font-size:clamp(0.984rem, 0.984rem + ((1vw - 0.2rem) * 0.645), 1.5rem);font-weight:600\">Calendarios<\/h3>\n\n\n\n<p class=\"has-text-align-center has-text-color\" style=\"color:#64748b;font-size:clamp(0.875rem, 0.875rem + ((1vw - 0.2rem) * 0.156), 1rem);line-height:1.6\">Calendarios mensuales, anuales y personalizados para todas sus necesidades de programaci\u00f3n.<\/p>\n<\/div>\n<\/div>\n\n\n\n<div class=\"wp-block-column offering-box-item is-layout-flow wp-block-column-is-layout-flow\">\n<div class=\"wp-block-group has-white-background-color has-background is-layout-constrained wp-container-core-group-is-layout-bbdfd24b wp-block-group-is-layout-constrained\" style=\"border-radius:16px;padding-top:3rem;padding-right:2.5rem;padding-bottom:3rem;padding-left:2.5rem\">\n<div style=\"width: 80px; height: 80px; margin: 0 auto 1.5rem; display: flex; align-items: center; justify-content: center; background: #f1f5f9; border-radius: 12px;\">\n<svg width=\"48\" height=\"48\" viewbox=\"0 0 24 24\" fill=\"none\" xmlns=\"http:\/\/www.w3.org\/2000\/svg\">\n<path d=\"M19 3H5C3.89543 3 3 3.89543 3 5V19C3 20.1046 3.89543 21 5 21H19C20.1046 21 21 20.1046 21 19V5C21 3.89543 20.1046 3 19 3Z\" stroke=\"#1e293b\" stroke-width=\"2\"\/>\n<path d=\"M7 8H17\" stroke=\"#1e293b\" stroke-width=\"2\" stroke-linecap=\"round\"\/>\n<path d=\"M7 12H17\" stroke=\"#1e293b\" stroke-width=\"2\" stroke-linecap=\"round\"\/>\n<path d=\"M7 16H13\" stroke=\"#1e293b\" stroke-width=\"2\" stroke-linecap=\"round\"\/>\n<\/svg>\n<\/div>\n\n\n\n<h3 class=\"wp-block-heading has-text-align-center\" style=\"margin-bottom:0.75rem;font-size:clamp(0.984rem, 0.984rem + ((1vw - 0.2rem) * 0.645), 1.5rem);font-weight:600\">Planificadores<\/h3>\n\n\n\n<p class=\"has-text-align-center has-text-color\" style=\"color:#64748b;font-size:clamp(0.875rem, 0.875rem + ((1vw - 0.2rem) * 0.156), 1rem);line-height:1.6\">Planificadores diarios, semanales y mensuales para mantenerte organizado y productivo.<\/p>\n<\/div>\n<\/div>\n\n\n\n<div class=\"wp-block-column offering-box-item is-layout-flow wp-block-column-is-layout-flow\">\n<div class=\"wp-block-group has-white-background-color has-background is-layout-constrained wp-container-core-group-is-layout-bbdfd24b wp-block-group-is-layout-constrained\" style=\"border-radius:16px;padding-top:3rem;padding-right:2.5rem;padding-bottom:3rem;padding-left:2.5rem\">\n<div style=\"width: 80px; height: 80px; margin: 0 auto 1.5rem; display: flex; align-items: center; justify-content: center; background: #f1f5f9; border-radius: 12px;\">\n<svg width=\"48\" height=\"48\" viewbox=\"0 0 24 24\" fill=\"none\" xmlns=\"http:\/\/www.w3.org\/2000\/svg\">\n<path d=\"M14 2H6C4.89543 2 4 2.89543 4 4V20C4 21.1046 4.89543 22 6 22H18C19.1046 22 20 21.1046 20 20V8L14 2Z\" stroke=\"#1e293b\" stroke-width=\"2\" stroke-linecap=\"round\" stroke-linejoin=\"round\"\/>\n<path d=\"M14 2V8H20\" stroke=\"#1e293b\" stroke-width=\"2\" stroke-linecap=\"round\" stroke-linejoin=\"round\"\/>\n<path d=\"M8 13H16\" stroke=\"#1e293b\" stroke-width=\"2\" stroke-linecap=\"round\"\/>\n<path d=\"M8 17H16\" stroke=\"#1e293b\" stroke-width=\"2\" stroke-linecap=\"round\"\/>\n<\/svg>\n<\/div>\n\n\n\n<h3 class=\"wp-block-heading has-text-align-center\" style=\"margin-bottom:0.75rem;font-size:clamp(0.984rem, 0.984rem + ((1vw - 0.2rem) * 0.645), 1.5rem);font-weight:600\">Plantillas<\/h3>\n\n\n\n<p class=\"has-text-align-center has-text-color\" style=\"color:#64748b;font-size:clamp(0.875rem, 0.875rem + ((1vw - 0.2rem) * 0.156), 1rem);line-height:1.6\">Plantillas creativas para rastreadores, listas y ocasiones especiales.<\/p>\n<\/div>\n<\/div>\n<\/div>\n<\/div>\n\n\n\n<div class=\"wp-block-group alignfull is-layout-constrained wp-container-core-group-is-layout-fb3c7be3 wp-block-group-is-layout-constrained\" style=\"padding-top:6rem;padding-bottom:6rem\">\n<h2 class=\"wp-block-heading has-text-align-center\" style=\"margin-bottom:2rem;font-size:clamp(1.502rem, 1.502rem + ((1vw - 0.2rem) * 1.248), 2.5rem);font-weight:700;line-height:1.2\">\u00bfPor qu\u00e9 elegirnos?<\/h2>\n\n\n\n<p class=\"has-text-align-center has-text-color\" style=\"color:#475569;font-size:clamp(0.875rem, 0.875rem + ((1vw - 0.2rem) * 0.469), 1.25rem);line-height:1.8\">Todos nuestros imprimibles son totalmente gratuitos, tienen un dise\u00f1o profesional y se pueden descargar al instante. Apostamos por la calidad, la creatividad y la organizaci\u00f3n al alcance de todos.<\/p>\n<\/div>\n\n\n\n<div class=\"wp-block-group alignfull about-contact-section has-base-background-color has-background is-layout-constrained wp-container-core-group-is-layout-7bd37fe4 wp-block-group-is-layout-constrained\" style=\"border-top-color:#e2e8f0;border-top-width:1px;padding-top:6rem;padding-bottom:6rem\">\n<h2 class=\"wp-block-heading has-text-align-center\" style=\"margin-bottom:1.5rem;font-size:clamp(1.502rem, 1.502rem + ((1vw - 0.2rem) * 1.248), 2.5rem);font-weight:700;line-height:1.2\">\u00a1Conectemos!<\/h2>\n\n\n\n<p class=\"has-text-align-center has-text-color\" style=\"color:#64748b;margin-bottom:2.5rem;font-size:clamp(0.875rem, 0.875rem + ((1vw - 0.2rem) * 0.313), 1.125rem);line-height:1.7\">\u00bfTiene preguntas, sugerencias o simplemente quiere saludarnos? Estaremos encantados de escucharle.<\/p>\n\n\n\n<div class=\"wp-block-buttons is-content-justification-center is-layout-flex wp-container-core-buttons-is-layout-a89b3969 wp-block-buttons-is-layout-flex\">\n<div class=\"wp-block-button about-contact-btn\"><a class=\"wp-block-button__link has-primary-background-color has-background has-custom-font-size wp-element-button\" href=\"\/contact\/\" style=\"border-radius:12px;padding-top:0.875rem;padding-right:2.5rem;padding-bottom:0.875rem;padding-left:2.5rem;font-size:clamp(0.875rem, 0.875rem + ((1vw - 0.2rem) * 0.313), 1.125rem);font-weight:600\">Contacte con nosotros<\/a><\/div>\n<\/div>\n<\/div>\n\n\n<!-- wp:themify-builder\/canvas \/-->","protected":false},"excerpt":{"rendered":"<p>Acerca de Calendarsheet Ayud\u00e1ndote a mantenerte organizado, un imprimible a la vez. Nuestra historia Somos un equipo apasionado de dise\u00f1adores y creadores dedicados a proporcionar la colecci\u00f3n de Calendarios Imprimibles, Planificadores y m\u00e1s para cada ocasi\u00f3n. Tanto si est\u00e1s planificando tu a\u00f1o, organizando tu semana o haciendo un seguimiento de tus objetivos, creemos que todo el mundo merece herramientas bonitas y funcionales que [...]<\/p>","protected":false},"author":1,"featured_media":0,"parent":0,"menu_order":0,"comment_status":"closed","ping_status":"closed","template":"","meta":{"footnotes":""},"class_list":["post-85","page","type-page","status-publish","hentry","has-post-title","has-post-date","has-post-category","has-post-tag","has-post-comment","has-post-author",""],"builder_content":"","_links":{"self":[{"href":"https:\/\/calendarsheet.com\/es\/wp-json\/wp\/v2\/pages\/85","targetHints":{"allow":["GET"]}}],"collection":[{"href":"https:\/\/calendarsheet.com\/es\/wp-json\/wp\/v2\/pages"}],"about":[{"href":"https:\/\/calendarsheet.com\/es\/wp-json\/wp\/v2\/types\/page"}],"author":[{"embeddable":true,"href":"https:\/\/calendarsheet.com\/es\/wp-json\/wp\/v2\/users\/1"}],"replies":[{"embeddable":true,"href":"https:\/\/calendarsheet.com\/es\/wp-json\/wp\/v2\/comments?post=85"}],"version-history":[{"count":21,"href":"https:\/\/calendarsheet.com\/es\/wp-json\/wp\/v2\/pages\/85\/revisions"}],"predecessor-version":[{"id":106,"href":"https:\/\/calendarsheet.com\/es\/wp-json\/wp\/v2\/pages\/85\/revisions\/106"}],"wp:attachment":[{"href":"https:\/\/calendarsheet.com\/es\/wp-json\/wp\/v2\/media?parent=85"}],"curies":[{"name":"wp","href":"https:\/\/api.w.org\/{rel}","templated":true}]}}